{"id":2103,"date":"2022-05-04T09:11:58","date_gmt":"2022-05-04T09:11:58","guid":{"rendered":"https:\/\/www.alfonsreverte.com\/bibliografia\/"},"modified":"2025-07-25T05:47:27","modified_gmt":"2025-07-25T05:47:27","slug":"biografia","status":"publish","type":"page","link":"https:\/\/www.alfonsreverte.com\/ca\/biografia\/","title":{"rendered":"BIOGRAFIA"},"content":{"rendered":"<div class=\"fusion-fullwidth fullwidth-box fusion-builder-row-1 fusion-flex-container nonhundred-percent-fullwidth non-hundred-percent-height-scrolling\" style=\"background-color: rgba(255,255,255,0);background-position: center center;background-repeat: no-repeat;border-width: 0px 0px 0px 0px;border-color:var(--awb-color3);border-style:solid;\" ><div class=\"fusion-builder-row fusion-row fusion-flex-align-items-flex-start fusion-flex-align-content-flex-start\" style=\"max-width:calc( 1200px + );margin-left: calc(- \/ 2 );margin-right: calc(- \/ 2 );\"><div class=\"fusion-layout-column fusion_builder_column fusion-builder-column-0 fusion_builder_column_1_1 1_1 fusion-flex-column fusion-no-small-visibility\"><div class=\"fusion-column-wrapper fusion-flex-justify-content-flex-start fusion-content-layout-column\" style=\"background-position:left top;background-repeat:no-repeat;-webkit-background-size:cover;-moz-background-size:cover;-o-background-size:cover;background-size:cover;padding: 0px 0px 0px 0px;\"><div class=\"fusion-separator fusion-full-width-sep\" style=\"align-self: center;margin-left: auto;margin-right: auto;margin-top:50px;width:100%;\"><\/div><\/div><style type=\"text\/css\">.fusion-body .fusion-builder-column-0{width:100% !important;margin-top : 0px;margin-bottom : 20px;}.fusion-builder-column-0 > .fusion-column-wrapper {padding-top : 0px !important;padding-right : 0px !important;margin-right : no;padding-bottom : 0px !important;padding-left : 0px !important;margin-left : no;}@media only screen and (max-width:1024px) {.fusion-body .fusion-builder-column-0{width:100% !important;order : 0;}.fusion-builder-column-0 > .fusion-column-wrapper {margin-right : no;margin-left : no;}}@media only screen and (max-width:640px) {.fusion-body .fusion-builder-column-0{width:100% !important;order : 0;}.fusion-builder-column-0 > .fusion-column-wrapper {margin-right : no;margin-left : no;}}<\/style><\/div><div class=\"fusion-layout-column fusion_builder_column fusion-builder-column-1 fusion_builder_column_2_3 2_3 fusion-flex-column\"><div class=\"fusion-column-wrapper fusion-flex-justify-content-flex-start fusion-content-layout-column\" style=\"background-position:left top;background-repeat:no-repeat;-webkit-background-size:cover;-moz-background-size:cover;-o-background-size:cover;background-size:cover;padding: 0px 70px 0px 0px;\"><style type=\"text\/css\">@media only screen and (max-width:1024px) {.fusion-title.fusion-title-1{margin-top:10px!important; margin-right:0px!important;margin-bottom:15px!important;margin-left:0px!important;}}@media only screen and (max-width:640px) {.fusion-title.fusion-title-1{margin-top:10px!important; margin-right:0px!important;margin-bottom:10px!important; margin-left:0px!important;}}<\/style><div class=\"fusion-title title fusion-title-1 fusion-sep-none fusion-title-text fusion-title-size-one\" style=\"font-size:var(--awb-typography1-font-size);margin-top:10px;margin-right:0px;margin-bottom:15px;margin-left:0px;\"><h1 class=\"title-heading-left fusion-responsive-typography-calculated\" style=\"font-family:var(--awb-typography1-font-family);font-weight:var(--awb-typography1-font-weight);font-style:var(--awb-typography1-font-style);margin:0;font-size:1em;letter-spacing:var(--awb-typography1-letter-spacing);color:var(--awb-color5);--fontSize:40;line-height:var(--awb-typography1-line-height);\">BIOGRAFIA<\/h1><\/div><div class=\"fusion-separator fusion-full-width-sep\" style=\"align-self: flex-start;margin-right:auto;margin-top:20px;margin-bottom:20px;width:100%;\"><div class=\"fusion-separator-border sep-single sep-solid\" style=\"border-color:var(--awb-color5);border-top-width:1px;\"><\/div><\/div><div class=\"fusion-text fusion-text-1\" style=\"font-size:var(--awb-typography4-font-size);line-height:var(--awb-typography4-line-height);letter-spacing:var(--awb-typography4-letter-spacing);text-transform:var(--awb-typography4-text-transform);color:var(--awb-color6);font-family:var(--awb-typography4-font-family);font-weight:var(--awb-typography4-font-weight);font-style:var(--awb-typography4-font-style);\"><p class=\"p1\">DIRECTOR EM\u00c8RIT<br \/>\n<b>Orquestra Simf\u00f2nica Juli\u00e0 Carbonell de les Terres de Lleida \u2013 OJC<\/b><\/p>\n<p class=\"p1\">DIRECTOR TITULAR I ART\u00cdSTIC<br \/>\n<b>Orquestra Ars M\u00e8dica<\/b><\/p>\n<p class=\"p1\">DIRECTOR TITULAR I ART\u00cdSTIC<br \/>\n<b>Orquestra de Cambra de la Garriga<\/b><\/p>\n<p class=\"p1\">DIRECTOR TITULAR<br \/>\n<b>Cobla Marinada<\/b><\/p>\n<div class=\"fusion-separator fusion-full-width-sep\" style=\"align-self: center;margin-left: auto;margin-right: auto;margin-top:30px;margin-bottom:30px;width:100%;\"><\/div>\n<p class=\"p1\">DIRECTOR ASSISTENT 1999 \u2013 2002<br \/>\n<b>Orquestra Simf\u00f2nica de Barcelona i Nacional de Catalunya \u2013 OBC<\/b><\/p>\n<p class=\"p1\">DIRECTOR TITULAR I ART\u00cdSTIC 2002 \u2013 2025<br \/>\n<b>Orquestra Simf\u00f2nica Juli\u00e0 Carbonell de les Terres de Lleida \u2013 OJC<\/b><\/p>\n<p class=\"p1\">DIRECTOR TITULAR I ART\u00cdSTIC 2022 \u2013 2023<br \/>\n<b>Orquesta Sinf\u00f3nica de San Juan, Argentina FFHA-UNSJ<\/b><\/p>\n<div class=\"fusion-separator fusion-full-width-sep\" style=\"align-self: center;margin-left: auto;margin-right: auto;margin-top:30px;margin-bottom:30px;width:100%;\"><\/div>\n<p class=\"p3\">Nascut a Barcelona en una fam\u00edlia de m\u00fasics. Es va titular al Conservatori Superior Municipal de M\u00fasica de Barcelona en les especialitats de Clarinet, Solfeig, Harmonia, Composici\u00f3, Instrumentaci\u00f3 i Direcci\u00f3 d\u2019Orquestra. Paral.lelament va cursar estudis de Dret a la UB \u2013 Universitat de Barcelona. Va ampliar els estudis de Direcci\u00f3 d\u2019Orquestra a Anglaterra, seguint els cursos impartits per George Hurst, cap del Departament de Direcci\u00f3 de la Royal Academy of Music de Londres. Aix\u00ed mateix va treballar, tamb\u00e9 a Anglaterra, amb Lawrence Leonard, Robert Houlighan i Michael Rose, entre d\u2019altres.<\/p>\n<p class=\"p3\">L\u2019any 1999 va ser nomenat Director Assistent de l\u2019Orquestra Simf\u00f2nica de Barcelona i Nacional de Catalunya \u2013 OBC, c\u00e0rrec que va desenvolupar fins a l\u2019any 2002. Aquell mateix any va ser nomenat Director Titular i Art\u00edstic de l\u2019Orquestra Simf\u00f2nica Juli\u00e0 Carbonell de les Terres de Lleida \u2013 OJC, orquestra totalment professional de nova creaci\u00f3, auspiciada per la Diputaci\u00f3 de Lleida, <span class=\"Apple-converted-space\">\u00a0 <\/span>amb la que ha dut una reconeguda tasca d\u2019excel\u00b7l\u00e8ncia art\u00edstica, social i pedag\u00f2gica, avalada per m\u00faltiples projectes amb \u00e0mplia difusi\u00f3, durant m\u00e9s de 23 anys de total entrega. En reconeixement a aquesta perllongada i intensa dedicaci\u00f3 ha estat nomenat recentment Director Em\u00e8rit de l\u2019OJC.<\/p>\n<p class=\"p3\">A nivell estatal ha dirigit l\u2019Orquestra del Gran Teatre del Liceu, l\u2019OBC, l\u2019Orquesta Sinf\u00f3nica de Tenerife, l\u2019Orquesta Sinf\u00f3nica de La Coru\u00f1a, l\u2019Orquestra Simf\u00f2nica de les Balears, l\u2019Orquestra Simf\u00f2nica del Vall\u00e8s, l\u2019Orquesta Sinf\u00f3nica Pablo Sarasate de Pamplona, l\u2019Orquesta Sinf\u00f3nica de C\u00f3rdoba, aix\u00ed com la Banda Municipal de Barcelona o l\u2019Orquestra de Cambra Barcelona 216 entre moltes altres formacions.<\/p>\n<p class=\"p3\">Fruit d\u2019una primera gira sud americana amb gran \u00e8xit de cr\u00edtica, convidat per diverses orquestres argentines, ha estat novament convidat regularment per dirigir en aquest pa\u00eds. Tamb\u00e9 ha estat convidat a dirigir a Alemanya, Pol\u00f2nia, \u00c0ustria, Fran\u00e7a, Bulg\u00e0ria, Su\u00e8cia, It\u00e0lia\u2026<\/p>\n<p class=\"p3\">En un nou pas dins de la seva variada activitat art\u00edstica Alfons Revert\u00e9 va ser nomenat el 2022 Director Titular i Art\u00edstic de l\u2019Orquesta Sinf\u00f3nica de San Juan FFHA-UNSJ, a Argentina, orquestra que gaudeix de dues de les millors sales d\u2019Am\u00e8rica del Sud per exercir la seva activitat anual: l\u2019Auditori Juan Victoria per als concerts simf\u00f2nics, sala considerada amb la millor ac\u00fastica de Sud-am\u00e8rica, i el nou i espectacular Teatro del Bicentenario per a l\u2019activitat oper\u00edstica.<\/p>\n<p class=\"p3\">Especialitzat en la interpretaci\u00f3 del Corno di Bassetto i del Clarinet Baix ha actuat com a solista internacionalment, interpretant a Europa i Am\u00e8rica obres com el concert per a Corno di Bassetto de J. Backofen o el concert tamb\u00e9 per a Corno di Bassetto d\u2019Allesandro Rolla com a solista-director. Va estrenar amb l\u2019OBC, al Palau de la M\u00fasica Catalana i sota la direcci\u00f3 de Lawrence Foster, el Concert per a clarinet baix i orquestra \u201cBlue Mosaics\u201d que li va dedicar el compositor nord-americ\u00e0 R. Patterson.<\/p>\n<p class=\"p3\">Aix\u00ed mateix, com a clarinetista, \u00e9s membre de l\u2019Orquestra Simf\u00f2nica de Barcelona i Nacional de Catalunya \u2013 OBC des de l\u2019any 1986, actuant a sales com el Musikverein de Viena, Gewandhaus de Leipzig, Royal Albert Hall de Londres, Concertgebouw d\u2019Amsterdam, Carnegie Hall de Nova York, Palau de la M\u00fasica de Barcelona, Suntory Hall de T\u00f2quio entre moltes altres, juntament amb els m\u00e9s reconeguts directors i solistes mundials que abasten des de Claudio Arrau, Al\u00edcia de Larrocha, Mstislav Rostropovitx, Paul Tortelier, Luciano Pavarotti, Jessye Norman, Freddie Mercury, Krzysztof Penderecki\u2026 als nous mites de la m\u00fasica actuals.<\/p>\n<p class=\"p3\">Tamb\u00e9 ha estat membre de diversos grups de cambra actuant a nombrosos festivals nacionals i internacionals.<\/p>\n<p class=\"p3\">Al llarg d\u2019aquests anys ha mantingut tamb\u00e9 contacte amb el mon de la TV, presentant un programa propi de divulgaci\u00f3 del m\u00f3n de l\u2019Orquestra titulat \u201cOrquestra\u2019t amb l\u2019OJC\u201d.<\/p>\n<p class=\"p3\">Dins de l\u00b4\u00e0mbit de la m\u00fasica popular \u00e9s Director Titular de la reconeguda Cobla Marinada. Aix\u00ed mateix ha enregistrat un CD de sardanes de Josep Serra amb la Cobla de Cambra de Catalunya.<span class=\"Apple-converted-space\">\u00a0<\/span><\/p>\n<p class=\"p3\">En el camp pedag\u00f2gic, ha treballat continuadament amb orquestres joves i amateurs, com l\u2019Orquestra Simf\u00f2nica Diaula, l\u2019Orquestra Simf\u00f2nica de l\u2019EMMCA, la Jove Orquestra Nacional de Catalunya, etc\u2026 aix\u00ed com amb les orquestres de diversos Conservatoris de l\u2019Estat.<span class=\"Apple-converted-space\">\u00a0<\/span><\/p>\n<p class=\"p3\">\u00c9s Director Titular de l\u2019Orquestra de Cambra de la Garriga &#8211; OCG i de l\u2019Orquestra Ars M\u00e8dica del COMB, orquestra amb la que ha efectuat concerts a diversos pa\u00efsos europeus, alguns d\u2019ells de manera conjunta amb la OCG, a sales com la del Mozarteum de Salzburg, interpretant un programa integral Mozart, a l\u2019Angelika Kauffmann Saal, seu de la famosa Schubertiade austr\u00edaca, amb un programa totalment dedicat a Beethoven o a la Grosse Saal de Bregenz amb una exitosa versi\u00f3 de Carmina Burana, juntament amb diverses formacions corals austr\u00edaques, amb m\u00e9s de 350 art\u00edstes en escena.<\/p>\n<p class=\"p3\">Paral\u00b7lelament ha dut a terme una intensa activitat oper\u00edstica, activitat que es va iniciar al Gran Teatre del Liceu com a director assistent juntament amb prestigiosos directors del panorama l\u00edric internacional com Pinchas Steinberg, Giuliano Carella, Christian Zacharias o Marco Armiliato, entre d\u2019altres, i tamb\u00e9 amb cantants com Maria Guleghina, Ainhoa Arteta, Irina Mishura, Jos\u00e9 Cura, Montserrat Caball\u00e9, Marco Berti o Carlos \u00c1lvarez, entre molts altres.<span class=\"Apple-converted-space\">\u00a0<\/span><\/p>\n<p class=\"p3\">Va debutar al mateix Gran Teatre del Liceu dirigint El Retablo de Maese Pedro de Manuel de Falla en una bell\u00edssima producci\u00f3 amb titelles gegants de la Companyia Etc\u00e9tera.<\/p>\n<p class=\"p3\">Aquesta activitat al camp de l\u2019\u00f2pera va venir enriquida amb les noves responsabilitats que li va suposar el fet que l\u2019Orquestra Simf\u00f2nica Juli\u00e0 Carbonell de les Terres de Lleida \u2013 OJC fos nomenada orquestra titular del nou Teatre de l\u2019\u00d2pera \u2013 La Llotja de Lleida des del moment de la seva inauguraci\u00f3 el gener del 2010, moment en qu\u00e8 va dirigir Il Trovatore de G. Verdi o posteriorment l\u2019\u00f2pera Goyescas d\u2019E. Granados.<\/p>\n<p class=\"p3\">Dins la temporada de celebraci\u00f3 del 175\u00e8 aniversari de la fundaci\u00f3 del teatre va efectuar, amb gran \u00e8xit de cr\u00edtica i nombrosos premis entre els que destaca un premi MAX, l\u2019estrena mundial de l\u2019\u00f2pera La Gata Perduda d\u2019Arnau Tordera al Gran Teatre del Liceu de Barcelona.<\/p>\n<p class=\"p3\">Biografia resumida per programes de ma: contactar a trav\u00e9s de <a href=\"mailto:ar@alfonsreverte.com\" target=\"_blank\" rel=\"noopener\">ar@alfonsreverte.com<\/a><\/p>\n<\/div><div style=\"text-align:left;\"><style>.fusion-body .fusion-button.button-1 .fusion-button-text,.fusion-body .fusion-button.button-1 i{color:var(--awb-color5);}.fusion-body .fusion-button.button-1{border-color:var(--awb-color1);border-radius:4px 4px 4px 4px;background:rgba(255,255,255,0);font-size:18px;line-height:var(--awb-typography4-line-height);padding-right:0px;padding-left:0px;letter-spacing:var(--awb-typography4-letter-spacing);font-family:\"Raleway\";font-weight:600;}.fusion-body .fusion-button.button-1:hover .fusion-button-text,.fusion-body .fusion-button.button-1:hover i,.fusion-body .fusion-button.button-1:focus .fusion-button-text,.fusion-body .fusion-button.button-1:focus i,.fusion-body .fusion-button.button-1:active .fusion-button-text,.fusion-body .fusion-button.button-1:active i{color:#ffcb63;}.fusion-body .fusion-button.button-1:hover,.fusion-body .fusion-button.button-1:active,.fusion-body .fusion-button.button-1:focus{border-color:var(--awb-color1);background:rgba(255,255,255,0);}<\/style><a class=\"fusion-button button-flat fusion-button-default-size button-custom button-1 fusion-button-default-span fusion-button-default-type\" target=\"_self\" href=\"http:\/\/www.alfonsreverte.com\/\/wp-content\/uploads\/2025\/07\/ALFONS-REVERTE-PORFOLIO-2025-2.zip\"><i class=\"fa-download fas button-icon-left\" aria-hidden=\"true\"><\/i><span class=\"fusion-button-text\">Descarregar Portfoli<\/span><\/a><\/div><\/div><style type=\"text\/css\">.fusion-body .fusion-builder-column-1{width:66.666666666667% !important;margin-top : 0px;margin-bottom : 20px;}.fusion-builder-column-1 > .fusion-column-wrapper {padding-top : 0px !important;padding-right : 70px !important;margin-right : no;padding-bottom : 0px !important;padding-left : 0px !important;margin-left : no;}@media only screen and (max-width:1024px) {.fusion-body .fusion-builder-column-1{width:66.666666666667% !important;order : 0;}.fusion-builder-column-1 > .fusion-column-wrapper {margin-right : no;margin-left : no;}}@media only screen and (max-width:640px) {.fusion-body .fusion-builder-column-1{width:100% !important;order : 0;}.fusion-builder-column-1 > .fusion-column-wrapper {padding-right : 10% !important;margin-right : no;padding-left : 10% !important;margin-left : no;}}<\/style><\/div><div class=\"fusion-layout-column fusion_builder_column fusion-builder-column-2 fusion_builder_column_1_3 1_3 fusion-flex-column fusion-flex-align-self-flex-start\"><div class=\"fusion-column-wrapper fusion-flex-justify-content-flex-start fusion-content-layout-column\" style=\"background-position:left top;background-repeat:no-repeat;-webkit-background-size:cover;-moz-background-size:cover;-o-background-size:cover;background-size:cover;padding: 100px 0px 0px 0px;\"><style type=\"text\/css\">.fusion-gallery-1 .fusion-gallery-image {border:0px solid var(--awb-color3);}<\/style><div class=\"fusion-gallery fusion-gallery-container fusion-grid-1 fusion-columns-total-1 fusion-gallery-layout-grid fusion-gallery-1\" style=\"margin:-5px;\"><div style=\"padding:5px;\" class=\"fusion-grid-column fusion-gallery-column fusion-gallery-column-1 hover-type-none\"><div class=\"fusion-gallery-image\"><a href=\"https:\/\/www.alfonsreverte.com\/\/wp-content\/uploads\/2022\/05\/Alfons-Reverte\u0301-scaled.jpg\" rel=\"noreferrer\" data-rel=\"iLightbox[gallery_image_1]\" class=\"fusion-lightbox\" target=\"_self\"><img decoding=\"async\" src=\"https:\/\/www.alfonsreverte.com\/\/wp-content\/uploads\/2022\/05\/Alfons-Reverte\u0301-scaled.jpg\" width=\"2560\" height=\"2333\" alt=\"\" title=\"Alfons Reverte\u0301\" aria-label=\"Alfons Reverte\u0301\" class=\"img-responsive wp-image-1456\" srcset=\"https:\/\/www.alfonsreverte.com\/\/wp-content\/uploads\/2022\/05\/Alfons-Reverte\u0301-200x182.jpg 200w, https:\/\/www.alfonsreverte.com\/\/wp-content\/uploads\/2022\/05\/Alfons-Reverte\u0301-400x365.jpg 400w, https:\/\/www.alfonsreverte.com\/\/wp-content\/uploads\/2022\/05\/Alfons-Reverte\u0301-600x547.jpg 600w, https:\/\/www.alfonsreverte.com\/\/wp-content\/uploads\/2022\/05\/Alfons-Reverte\u0301-800x729.jpg 800w, https:\/\/www.alfonsreverte.com\/\/wp-content\/uploads\/2022\/05\/Alfons-Reverte\u0301-1200x1094.jpg 1200w, https:\/\/www.alfonsreverte.com\/\/wp-content\/uploads\/2022\/05\/Alfons-Reverte\u0301-scaled.jpg 2560w\" sizes=\"(min-width: 2200px) 100vw, (min-width: 640px) 1200px, \" \/><\/a><\/div><\/div><div class=\"clearfix\"><\/div><\/div><\/div><style type=\"text\/css\">.fusion-body .fusion-builder-column-2{width:33.333333333333% !important;margin-top : 0px;margin-bottom : 20px;}.fusion-builder-column-2 > .fusion-column-wrapper {padding-top : 100px !important;padding-right : 0px !important;margin-right : no;padding-bottom : 0px !important;padding-left : 0px !important;margin-left : no;}@media only screen and (max-width:1024px) {.fusion-body .fusion-builder-column-2{width:33.333333333333% !important;order : 0;}.fusion-builder-column-2 > .fusion-column-wrapper {margin-right : no;margin-left : no;}}@media only screen and (max-width:640px) {.fusion-body .fusion-builder-column-2{width:100% !important;order : 0;}.fusion-builder-column-2 > .fusion-column-wrapper {padding-top : 20px !important;padding-right : 10% !important;margin-right : no;padding-left : 10% !important;margin-left : no;}}<\/style><\/div><\/div><style type=\"text\/css\">.fusion-body .fusion-flex-container.fusion-builder-row-1{ padding-top : 0px;margin-top : 0px;padding-right : 0px;padding-bottom : 0px;margin-bottom : 0px;padding-left : 0px;}<\/style><\/div>\n","protected":false},"excerpt":{"rendered":"","protected":false},"author":1,"featured_media":0,"parent":0,"menu_order":0,"comment_status":"closed","ping_status":"closed","template":"100-width.php","meta":{"footnotes":""},"class_list":["post-2103","page","type-page","status-publish","hentry"],"_links":{"self":[{"href":"https:\/\/www.alfonsreverte.com\/ca\/wp-json\/wp\/v2\/pages\/2103","targetHints":{"allow":["GET"]}}],"collection":[{"href":"https:\/\/www.alfonsreverte.com\/ca\/wp-json\/wp\/v2\/pages"}],"about":[{"href":"https:\/\/www.alfonsreverte.com\/ca\/wp-json\/wp\/v2\/types\/page"}],"author":[{"embeddable":true,"href":"https:\/\/www.alfonsreverte.com\/ca\/wp-json\/wp\/v2\/users\/1"}],"replies":[{"embeddable":true,"href":"https:\/\/www.alfonsreverte.com\/ca\/wp-json\/wp\/v2\/comments?post=2103"}],"version-history":[{"count":28,"href":"https:\/\/www.alfonsreverte.com\/ca\/wp-json\/wp\/v2\/pages\/2103\/revisions"}],"predecessor-version":[{"id":2919,"href":"https:\/\/www.alfonsreverte.com\/ca\/wp-json\/wp\/v2\/pages\/2103\/revisions\/2919"}],"wp:attachment":[{"href":"https:\/\/www.alfonsreverte.com\/ca\/wp-json\/wp\/v2\/media?parent=2103"}],"curies":[{"name":"wp","href":"https:\/\/api.w.org\/{rel}","templated":true}]}}